{"id":1185,"date":"2025-05-03T23:59:34","date_gmt":"2025-05-03T23:59:34","guid":{"rendered":"https:\/\/cryocontrol.codecircle-prod.fr\/?page_id=1185"},"modified":"2026-04-22T08:46:15","modified_gmt":"2026-04-22T08:46:15","slug":"mon-compte","status":"publish","type":"page","link":"https:\/\/www.cryocontrol.fr\/en\/mon-compte\/","title":{"rendered":"My account"},"content":{"rendered":"<div data-elementor-type=\"wp-page\" data-elementor-id=\"1185\" class=\"elementor elementor-1185\">\n\t\t\t\t<div class=\"elementor-element elementor-element-e1f10c3 e-flex e-con-boxed wpr-particle-no wpr-jarallax-no wpr-parallax-no wpr-sticky-section-no wpr-column-slider-no wpr-equal-height-no e-con e-parent\" data-id=\"e1f10c3\" data-element_type=\"container\" data-e-type=\"container\">\n\t\t\t\t\t<div class=\"e-con-inner\">\n\t\t<div class=\"elementor-element elementor-element-ebb9f87 e-con-full padperso e-flex wpr-particle-no wpr-jarallax-no wpr-parallax-no wpr-sticky-section-no wpr-column-slider-no wpr-equal-height-no e-con e-child\" data-id=\"ebb9f87\" data-element_type=\"container\" data-e-type=\"container\" data-settings=\"{&quot;background_background&quot;:&quot;classic&quot;}\">\n\t\t\t\t<div class=\"elementor-element elementor-element-9104e7e elementor-widget elementor-widget-shortcode\" data-id=\"9104e7e\" data-element_type=\"widget\" data-e-type=\"widget\" data-widget_type=\"shortcode.default\">\n\t\t\t\t<div class=\"elementor-widget-container\">\n\t\t\t\t\t\t\t<div class=\"elementor-shortcode\"><div class=\"woocommerce\"><\/div>\n<\/div>\n\t\t\t\t\t\t<\/div>\n\t\t\t\t<\/div>\n\t\t\t\t<\/div>\n\t\t\t\t\t<\/div>\n\t\t\t\t<\/div>\n\t\t\t\t<\/div>","protected":false},"excerpt":{"rendered":"","protected":false},"author":1,"featured_media":0,"parent":0,"menu_order":0,"comment_status":"closed","ping_status":"closed","template":"elementor_header_footer","meta":{"footnotes":""},"class_list":["post-1185","page","type-page","status-publish","hentry"],"yoast_head":"<!-- This site is optimized with the Yoast SEO Premium plugin v27.6 (Yoast SEO v27.6) - https:\/\/yoast.com\/product\/yoast-seo-premium-wordpress\/ -->\n<title>Mon compte - Cryo Control<\/title>\n<meta name=\"robots\" content=\"noindex, follow\" \/>\n<meta property=\"og:locale\" content=\"en_US\" \/>\n<meta property=\"og:type\" content=\"article\" \/>\n<meta property=\"og:title\" content=\"Mon compte\" \/>\n<meta property=\"og:description\" content=\"Repoussez vos limites avec CryoControl. Expertise fran\u00e7aise en bains froids haute qualit\u00e9. Am\u00e9liorez votre r\u00e9cup\u00e9ration physique et boostez vos r\u00e9sultats d\u00e8s maintenant.\" \/>\n<meta property=\"og:url\" content=\"https:\/\/www.cryocontrol.fr\/en\/mon-compte\/\" \/>\n<meta property=\"og:site_name\" content=\"Cryo Control\" \/>\n<meta property=\"article:publisher\" content=\"https:\/\/www.facebook.com\/CRYOCONTROL\/\" \/>\n<meta property=\"article:modified_time\" content=\"2026-04-22T08:46:15+00:00\" \/>\n<meta property=\"og:image\" content=\"https:\/\/www.cryocontrol.fr\/wp-content\/uploads\/2026\/03\/5.png\" \/>\n\t<meta property=\"og:image:width\" content=\"1200\" \/>\n\t<meta property=\"og:image:height\" content=\"675\" \/>\n\t<meta property=\"og:image:type\" content=\"image\/png\" \/>\n<meta name=\"twitter:card\" content=\"summary_large_image\" \/>\n<meta name=\"twitter:site\" content=\"@CryoControl\" \/>\n<meta name=\"twitter:label1\" content=\"Est. reading time\" \/>\n\t<meta name=\"twitter:data1\" content=\"1 minute\" \/>\n<script type=\"application\/ld+json\" class=\"yoast-schema-graph\">{\"@context\":\"https:\\\/\\\/schema.org\",\"@graph\":[{\"@type\":\"WebPage\",\"@id\":\"https:\\\/\\\/www.cryocontrol.fr\\\/mon-compte\\\/\",\"url\":\"https:\\\/\\\/www.cryocontrol.fr\\\/mon-compte\\\/\",\"name\":\"Mon compte - Cryo Control\",\"isPartOf\":{\"@id\":\"https:\\\/\\\/www.cryocontrol.fr\\\/#website\"},\"datePublished\":\"2025-05-03T23:59:34+00:00\",\"dateModified\":\"2026-04-22T08:46:15+00:00\",\"breadcrumb\":{\"@id\":\"https:\\\/\\\/www.cryocontrol.fr\\\/mon-compte\\\/#breadcrumb\"},\"inLanguage\":\"en-US\",\"potentialAction\":[{\"@type\":\"ReadAction\",\"target\":[\"https:\\\/\\\/www.cryocontrol.fr\\\/mon-compte\\\/\"]}]},{\"@type\":\"BreadcrumbList\",\"@id\":\"https:\\\/\\\/www.cryocontrol.fr\\\/mon-compte\\\/#breadcrumb\",\"itemListElement\":[{\"@type\":\"ListItem\",\"position\":1,\"name\":\"Accueil\",\"item\":\"https:\\\/\\\/www.cryocontrol.fr\\\/\"},{\"@type\":\"ListItem\",\"position\":2,\"name\":\"Mon compte\"}]},{\"@type\":\"WebSite\",\"@id\":\"https:\\\/\\\/www.cryocontrol.fr\\\/#website\",\"url\":\"https:\\\/\\\/www.cryocontrol.fr\\\/\",\"name\":\"Cryo Control\",\"description\":\"L&#039;inventeur du bain froid moderne 2004\",\"publisher\":{\"@id\":\"https:\\\/\\\/www.cryocontrol.fr\\\/#organization\"},\"alternateName\":\"Cold plunge Cryo Control\",\"potentialAction\":[{\"@type\":\"SearchAction\",\"target\":{\"@type\":\"EntryPoint\",\"urlTemplate\":\"https:\\\/\\\/www.cryocontrol.fr\\\/?s={search_term_string}\"},\"query-input\":{\"@type\":\"PropertyValueSpecification\",\"valueRequired\":true,\"valueName\":\"search_term_string\"}}],\"inLanguage\":\"en-US\"},{\"@type\":\"Organization\",\"@id\":\"https:\\\/\\\/www.cryocontrol.fr\\\/#organization\",\"name\":\"Cryo Control\",\"alternateName\":\"Cold plunge Cryo Control\",\"url\":\"https:\\\/\\\/www.cryocontrol.fr\\\/\",\"logo\":{\"@type\":\"ImageObject\",\"inLanguage\":\"en-US\",\"@id\":\"https:\\\/\\\/www.cryocontrol.fr\\\/#\\\/schema\\\/logo\\\/image\\\/\",\"url\":\"https:\\\/\\\/www.cryocontrol.fr\\\/wp-content\\\/uploads\\\/2023\\\/07\\\/cropped-Logo-Cryo-Control-noir.png\",\"contentUrl\":\"https:\\\/\\\/www.cryocontrol.fr\\\/wp-content\\\/uploads\\\/2023\\\/07\\\/cropped-Logo-Cryo-Control-noir.png\",\"width\":512,\"height\":512,\"caption\":\"Cryo Control\"},\"image\":{\"@id\":\"https:\\\/\\\/www.cryocontrol.fr\\\/#\\\/schema\\\/logo\\\/image\\\/\"},\"sameAs\":[\"https:\\\/\\\/www.facebook.com\\\/CRYOCONTROL\\\/\",\"https:\\\/\\\/x.com\\\/CryoControl\",\"https:\\\/\\\/www.instagram.com\\\/cryocontrol\\\/?hl=fr\",\"https:\\\/\\\/www.youtube.com\\\/user\\\/dropmed\"],\"description\":\"CryoControl : L'Excellence Fran\u00e7aise de la Cryoth\u00e9rapie Fond\u00e9e sur l'expertise technologique et la passion de la performance, CryoControl est le sp\u00e9cialiste fran\u00e7ais de la conception et de la fabrication de solutions de cryoth\u00e9rapie et de bains froids.\",\"email\":\"contact@cryocontrol.fr\",\"telephone\":\"0811 386 050\",\"legalName\":\"Cryo Control SARL\",\"foundingDate\":\"2004-08-16\",\"vatID\":\"FR27478285471\",\"numberOfEmployees\":{\"@type\":\"QuantitativeValue\",\"minValue\":\"1\",\"maxValue\":\"10\"}}]}<\/script>\n<!-- \/ Yoast SEO Premium plugin. -->","yoast_head_json":{"title":"Mon compte - Cryo Control","robots":{"index":"noindex","follow":"follow"},"og_locale":"en_US","og_type":"article","og_title":"Mon compte","og_description":"Repoussez vos limites avec CryoControl. Expertise fran\u00e7aise en bains froids haute qualit\u00e9. Am\u00e9liorez votre r\u00e9cup\u00e9ration physique et boostez vos r\u00e9sultats d\u00e8s maintenant.","og_url":"https:\/\/www.cryocontrol.fr\/en\/mon-compte\/","og_site_name":"Cryo Control","article_publisher":"https:\/\/www.facebook.com\/CRYOCONTROL\/","article_modified_time":"2026-04-22T08:46:15+00:00","og_image":[{"width":1200,"height":675,"url":"https:\/\/www.cryocontrol.fr\/wp-content\/uploads\/2026\/03\/5.png","type":"image\/png"}],"twitter_card":"summary_large_image","twitter_site":"@CryoControl","twitter_misc":{"Est. reading time":"1 minute"},"schema":{"@context":"https:\/\/schema.org","@graph":[{"@type":"WebPage","@id":"https:\/\/www.cryocontrol.fr\/mon-compte\/","url":"https:\/\/www.cryocontrol.fr\/mon-compte\/","name":"Mon compte - Cryo Control","isPartOf":{"@id":"https:\/\/www.cryocontrol.fr\/#website"},"datePublished":"2025-05-03T23:59:34+00:00","dateModified":"2026-04-22T08:46:15+00:00","breadcrumb":{"@id":"https:\/\/www.cryocontrol.fr\/mon-compte\/#breadcrumb"},"inLanguage":"en-US","potentialAction":[{"@type":"ReadAction","target":["https:\/\/www.cryocontrol.fr\/mon-compte\/"]}]},{"@type":"BreadcrumbList","@id":"https:\/\/www.cryocontrol.fr\/mon-compte\/#breadcrumb","itemListElement":[{"@type":"ListItem","position":1,"name":"Accueil","item":"https:\/\/www.cryocontrol.fr\/"},{"@type":"ListItem","position":2,"name":"Mon compte"}]},{"@type":"WebSite","@id":"https:\/\/www.cryocontrol.fr\/#website","url":"https:\/\/www.cryocontrol.fr\/","name":"Cryo Control","description":"L&#039;inventeur du bain froid moderne 2004","publisher":{"@id":"https:\/\/www.cryocontrol.fr\/#organization"},"alternateName":"Cold plunge Cryo Control","potentialAction":[{"@type":"SearchAction","target":{"@type":"EntryPoint","urlTemplate":"https:\/\/www.cryocontrol.fr\/?s={search_term_string}"},"query-input":{"@type":"PropertyValueSpecification","valueRequired":true,"valueName":"search_term_string"}}],"inLanguage":"en-US"},{"@type":"Organization","@id":"https:\/\/www.cryocontrol.fr\/#organization","name":"Cryo Control","alternateName":"Cold plunge Cryo Control","url":"https:\/\/www.cryocontrol.fr\/","logo":{"@type":"ImageObject","inLanguage":"en-US","@id":"https:\/\/www.cryocontrol.fr\/#\/schema\/logo\/image\/","url":"https:\/\/www.cryocontrol.fr\/wp-content\/uploads\/2023\/07\/cropped-Logo-Cryo-Control-noir.png","contentUrl":"https:\/\/www.cryocontrol.fr\/wp-content\/uploads\/2023\/07\/cropped-Logo-Cryo-Control-noir.png","width":512,"height":512,"caption":"Cryo Control"},"image":{"@id":"https:\/\/www.cryocontrol.fr\/#\/schema\/logo\/image\/"},"sameAs":["https:\/\/www.facebook.com\/CRYOCONTROL\/","https:\/\/x.com\/CryoControl","https:\/\/www.instagram.com\/cryocontrol\/?hl=fr","https:\/\/www.youtube.com\/user\/dropmed"],"description":"CryoControl : L'Excellence Fran\u00e7aise de la Cryoth\u00e9rapie Fond\u00e9e sur l'expertise technologique et la passion de la performance, CryoControl est le sp\u00e9cialiste fran\u00e7ais de la conception et de la fabrication de solutions de cryoth\u00e9rapie et de bains froids.","email":"contact@cryocontrol.fr","telephone":"0811 386 050","legalName":"Cryo Control SARL","foundingDate":"2004-08-16","vatID":"FR27478285471","numberOfEmployees":{"@type":"QuantitativeValue","minValue":"1","maxValue":"10"}}]}},"_links":{"self":[{"href":"https:\/\/www.cryocontrol.fr\/en\/wp-json\/wp\/v2\/pages\/1185","targetHints":{"allow":["GET"]}}],"collection":[{"href":"https:\/\/www.cryocontrol.fr\/en\/wp-json\/wp\/v2\/pages"}],"about":[{"href":"https:\/\/www.cryocontrol.fr\/en\/wp-json\/wp\/v2\/types\/page"}],"author":[{"embeddable":true,"href":"https:\/\/www.cryocontrol.fr\/en\/wp-json\/wp\/v2\/users\/1"}],"replies":[{"embeddable":true,"href":"https:\/\/www.cryocontrol.fr\/en\/wp-json\/wp\/v2\/comments?post=1185"}],"version-history":[{"count":0,"href":"https:\/\/www.cryocontrol.fr\/en\/wp-json\/wp\/v2\/pages\/1185\/revisions"}],"wp:attachment":[{"href":"https:\/\/www.cryocontrol.fr\/en\/wp-json\/wp\/v2\/media?parent=1185"}],"curies":[{"name":"wp","href":"https:\/\/api.w.org\/{rel}","templated":true}]}}