{"id":1251,"date":"2025-05-04T13:58:11","date_gmt":"2025-05-04T13:58:11","guid":{"rendered":"https:\/\/cryocontrol.codecircle-prod.fr\/?page_id=1251"},"modified":"2026-04-29T12:05:51","modified_gmt":"2026-04-29T12:05:51","slug":"vous-avez-un-compte","status":"publish","type":"page","link":"https:\/\/www.cryocontrol.fr\/en\/vous-avez-un-compte\/","title":{"rendered":"Vous avez un compte ?"},"content":{"rendered":"<div data-elementor-type=\"wp-page\" data-elementor-id=\"1251\" class=\"elementor elementor-1251\">\n\t\t\t\t<div class=\"elementor-element elementor-element-f6c98d8 e-flex e-con-boxed wpr-particle-no wpr-jarallax-no wpr-parallax-no wpr-sticky-section-no wpr-equal-height-no e-con e-parent\" data-id=\"f6c98d8\" data-element_type=\"container\" data-e-type=\"container\">\n\t\t\t\t\t<div class=\"e-con-inner\">\n\t\t<div class=\"elementor-element elementor-element-241a087 e-con-full e-flex wpr-particle-no wpr-jarallax-no wpr-parallax-no wpr-sticky-section-no wpr-equal-height-no e-con e-child\" data-id=\"241a087\" data-element_type=\"container\" data-e-type=\"container\" data-settings=\"{&quot;background_background&quot;:&quot;classic&quot;}\">\n\t\t\t\t<div class=\"elementor-element elementor-element-77c0763 elementor-widget-divider--view-line elementor-widget elementor-widget-divider\" data-id=\"77c0763\" data-element_type=\"widget\" data-e-type=\"widget\" data-widget_type=\"divider.default\">\n\t\t\t\t<div class=\"elementor-widget-container\">\n\t\t\t\t\t\t\t<div class=\"elementor-divider\">\n\t\t\t<span class=\"elementor-divider-separator\">\n\t\t\t\t\t\t<\/span>\n\t\t<\/div>\n\t\t\t\t\t\t<\/div>\n\t\t\t\t<\/div>\n\t\t\t\t<div class=\"elementor-element elementor-element-2136103 elementor-view-default elementor-widget elementor-widget-icon\" data-id=\"2136103\" data-element_type=\"widget\" data-e-type=\"widget\" data-widget_type=\"icon.default\">\n\t\t\t\t<div class=\"elementor-widget-container\">\n\t\t\t\t\t\t\t<div class=\"elementor-icon-wrapper\">\n\t\t\t<div class=\"elementor-icon\">\n\t\t\t<svg aria-hidden=\"true\" class=\"e-font-icon-svg e-fas-shopping-cart\" viewbox=\"0 0 576 512\" xmlns=\"http:\/\/www.w3.org\/2000\/svg\"><path d=\"M528.12 301.319l47.273-208C578.806 78.301 567.391 64 551.99 64H159.208l-9.166-44.81C147.758 8.021 137.93 0 126.529 0H24C10.745 0 0 10.745 0 24v16c0 13.255 10.745 24 24 24h69.883l70.248 343.435C147.325 417.1 136 435.222 136 456c0 30.928 25.072 56 56 56s56-25.072 56-56c0-15.674-6.447-29.835-16.824-40h209.647C430.447 426.165 424 440.326 424 456c0 30.928 25.072 56 56 56s56-25.072 56-56c0-22.172-12.888-41.332-31.579-50.405l5.517-24.276c3.413-15.018-8.002-29.319-23.403-29.319H218.117l-6.545-32h293.145c11.206 0 20.92-7.754 23.403-18.681z\"><\/path><\/svg>\t\t\t<\/div>\n\t\t<\/div>\n\t\t\t\t\t\t<\/div>\n\t\t\t\t<\/div>\n\t\t\t\t<div class=\"elementor-element elementor-element-6318409 elementor-widget-divider--view-line elementor-widget elementor-widget-divider\" data-id=\"6318409\" data-element_type=\"widget\" data-e-type=\"widget\" data-widget_type=\"divider.default\">\n\t\t\t\t<div class=\"elementor-widget-container\">\n\t\t\t\t\t\t\t<div class=\"elementor-divider\">\n\t\t\t<span class=\"elementor-divider-separator\">\n\t\t\t\t\t\t<\/span>\n\t\t<\/div>\n\t\t\t\t\t\t<\/div>\n\t\t\t\t<\/div>\n\t\t\t\t<\/div>\n\t\t<div class=\"elementor-element elementor-element-83b5a76 e-con-full e-flex wpr-particle-no wpr-jarallax-no wpr-parallax-no wpr-sticky-section-no wpr-equal-height-no e-con e-child\" data-id=\"83b5a76\" data-element_type=\"container\" data-e-type=\"container\" data-settings=\"{&quot;background_background&quot;:&quot;classic&quot;}\">\n\t\t\t\t<div class=\"elementor-element elementor-element-4078435 elementor-widget-divider--view-line elementor-widget elementor-widget-divider\" data-id=\"4078435\" data-element_type=\"widget\" data-e-type=\"widget\" data-widget_type=\"divider.default\">\n\t\t\t\t<div class=\"elementor-widget-container\">\n\t\t\t\t\t\t\t<div class=\"elementor-divider\">\n\t\t\t<span class=\"elementor-divider-separator\">\n\t\t\t\t\t\t<\/span>\n\t\t<\/div>\n\t\t\t\t\t\t<\/div>\n\t\t\t\t<\/div>\n\t\t\t\t<div class=\"elementor-element elementor-element-db37bf3 elementor-view-default elementor-widget elementor-widget-icon\" data-id=\"db37bf3\" data-element_type=\"widget\" data-e-type=\"widget\" data-widget_type=\"icon.default\">\n\t\t\t\t<div class=\"elementor-widget-container\">\n\t\t\t\t\t\t\t<div class=\"elementor-icon-wrapper\">\n\t\t\t<div class=\"elementor-icon\">\n\t\t\t<svg aria-hidden=\"true\" class=\"e-font-icon-svg e-fas-user\" viewbox=\"0 0 448 512\" xmlns=\"http:\/\/www.w3.org\/2000\/svg\"><path d=\"M224 256c70.7 0 128-57.3 128-128S294.7 0 224 0 96 57.3 96 128s57.3 128 128 128zm89.6 32h-16.7c-22.2 10.2-46.9 16-72.9 16s-50.6-5.8-72.9-16h-16.7C60.2 288 0 348.2 0 422.4V464c0 26.5 21.5 48 48 48h352c26.5 0 48-21.5 48-48v-41.6c0-74.2-60.2-134.4-134.4-134.4z\"><\/path><\/svg>\t\t\t<\/div>\n\t\t<\/div>\n\t\t\t\t\t\t<\/div>\n\t\t\t\t<\/div>\n\t\t\t\t<div class=\"elementor-element elementor-element-822207b elementor-widget-divider--view-line elementor-widget elementor-widget-divider\" data-id=\"822207b\" data-element_type=\"widget\" data-e-type=\"widget\" data-widget_type=\"divider.default\">\n\t\t\t\t<div class=\"elementor-widget-container\">\n\t\t\t\t\t\t\t<div class=\"elementor-divider\">\n\t\t\t<span class=\"elementor-divider-separator\">\n\t\t\t\t\t\t<\/span>\n\t\t<\/div>\n\t\t\t\t\t\t<\/div>\n\t\t\t\t<\/div>\n\t\t\t\t<\/div>\n\t\t<div class=\"elementor-element elementor-element-2610c77 e-con-full e-flex wpr-particle-no wpr-jarallax-no wpr-parallax-no wpr-sticky-section-no wpr-equal-height-no e-con e-child\" data-id=\"2610c77\" data-element_type=\"container\" data-e-type=\"container\" data-settings=\"{&quot;background_background&quot;:&quot;classic&quot;}\">\n\t\t\t\t<div class=\"elementor-element elementor-element-3c02479 elementor-widget-divider--view-line elementor-widget elementor-widget-divider\" data-id=\"3c02479\" data-element_type=\"widget\" data-e-type=\"widget\" data-widget_type=\"divider.default\">\n\t\t\t\t<div class=\"elementor-widget-container\">\n\t\t\t\t\t\t\t<div class=\"elementor-divider\">\n\t\t\t<span class=\"elementor-divider-separator\">\n\t\t\t\t\t\t<\/span>\n\t\t<\/div>\n\t\t\t\t\t\t<\/div>\n\t\t\t\t<\/div>\n\t\t\t\t<div class=\"elementor-element elementor-element-f469419 elementor-view-default elementor-widget elementor-widget-icon\" data-id=\"f469419\" data-element_type=\"widget\" data-e-type=\"widget\" data-widget_type=\"icon.default\">\n\t\t\t\t<div class=\"elementor-widget-container\">\n\t\t\t\t\t\t\t<div class=\"elementor-icon-wrapper\">\n\t\t\t<div class=\"elementor-icon\">\n\t\t\t<svg aria-hidden=\"true\" class=\"e-font-icon-svg e-fas-lock\" viewbox=\"0 0 448 512\" xmlns=\"http:\/\/www.w3.org\/2000\/svg\"><path d=\"M400 224h-24v-72C376 68.2 307.8 0 224 0S72 68.2 72 152v72H48c-26.5 0-48 21.5-48 48v192c0 26.5 21.5 48 48 48h352c26.5 0 48-21.5 48-48V272c0-26.5-21.5-48-48-48zm-104 0H152v-72c0-39.7 32.3-72 72-72s72 32.3 72 72v72z\"><\/path><\/svg>\t\t\t<\/div>\n\t\t<\/div>\n\t\t\t\t\t\t<\/div>\n\t\t\t\t<\/div>\n\t\t\t\t<div class=\"elementor-element elementor-element-6c45717 elementor-widget-divider--view-line elementor-widget elementor-widget-divider\" data-id=\"6c45717\" data-element_type=\"widget\" data-e-type=\"widget\" data-widget_type=\"divider.default\">\n\t\t\t\t<div class=\"elementor-widget-container\">\n\t\t\t\t\t\t\t<div class=\"elementor-divider\">\n\t\t\t<span class=\"elementor-divider-separator\">\n\t\t\t\t\t\t<\/span>\n\t\t<\/div>\n\t\t\t\t\t\t<\/div>\n\t\t\t\t<\/div>\n\t\t\t\t<\/div>\n\t\t<div class=\"elementor-element elementor-element-effd1fd e-con-full e-flex wpr-particle-no wpr-jarallax-no wpr-parallax-no wpr-sticky-section-no wpr-equal-height-no e-con e-child\" data-id=\"effd1fd\" data-element_type=\"container\" data-e-type=\"container\" data-settings=\"{&quot;background_background&quot;:&quot;classic&quot;}\">\n\t\t\t\t<div class=\"elementor-element elementor-element-4c8c560 elementor-widget-divider--view-line elementor-widget elementor-widget-divider\" data-id=\"4c8c560\" data-element_type=\"widget\" data-e-type=\"widget\" data-widget_type=\"divider.default\">\n\t\t\t\t<div class=\"elementor-widget-container\">\n\t\t\t\t\t\t\t<div class=\"elementor-divider\">\n\t\t\t<span class=\"elementor-divider-separator\">\n\t\t\t\t\t\t<\/span>\n\t\t<\/div>\n\t\t\t\t\t\t<\/div>\n\t\t\t\t<\/div>\n\t\t\t\t<div class=\"elementor-element elementor-element-3b7fe01 elementor-view-default elementor-widget elementor-widget-icon\" data-id=\"3b7fe01\" data-element_type=\"widget\" data-e-type=\"widget\" data-widget_type=\"icon.default\">\n\t\t\t\t<div class=\"elementor-widget-container\">\n\t\t\t\t\t\t\t<div class=\"elementor-icon-wrapper\">\n\t\t\t<div class=\"elementor-icon\">\n\t\t\t<svg aria-hidden=\"true\" class=\"e-font-icon-svg e-far-check-circle\" viewbox=\"0 0 512 512\" xmlns=\"http:\/\/www.w3.org\/2000\/svg\"><path d=\"M256 8C119.033 8 8 119.033 8 256s111.033 248 248 248 248-111.033 248-248S392.967 8 256 8zm0 48c110.532 0 200 89.451 200 200 0 110.532-89.451 200-200 200-110.532 0-200-89.451-200-200 0-110.532 89.451-200 200-200m140.204 130.267l-22.536-22.718c-4.667-4.705-12.265-4.736-16.97-.068L215.346 303.697l-59.792-60.277c-4.667-4.705-12.265-4.736-16.97-.069l-22.719 22.536c-4.705 4.667-4.736 12.265-.068 16.971l90.781 91.516c4.667 4.705 12.265 4.736 16.97.068l172.589-171.204c4.704-4.668 4.734-12.266.067-16.971z\"><\/path><\/svg>\t\t\t<\/div>\n\t\t<\/div>\n\t\t\t\t\t\t<\/div>\n\t\t\t\t<\/div>\n\t\t\t\t<div class=\"elementor-element elementor-element-6d198b7 elementor-widget-divider--view-line elementor-widget elementor-widget-divider\" data-id=\"6d198b7\" data-element_type=\"widget\" data-e-type=\"widget\" data-widget_type=\"divider.default\">\n\t\t\t\t<div class=\"elementor-widget-container\">\n\t\t\t\t\t\t\t<div class=\"elementor-divider\">\n\t\t\t<span class=\"elementor-divider-separator\">\n\t\t\t\t\t\t<\/span>\n\t\t<\/div>\n\t\t\t\t\t\t<\/div>\n\t\t\t\t<\/div>\n\t\t\t\t<\/div>\n\t\t\t\t\t<\/div>\n\t\t\t\t<\/div>\n\t\t<div class=\"elementor-element elementor-element-cbbdd3f e-flex e-con-boxed wpr-particle-no wpr-jarallax-no wpr-parallax-no wpr-sticky-section-no wpr-equal-height-no e-con e-parent\" data-id=\"cbbdd3f\" data-element_type=\"container\" data-e-type=\"container\">\n\t\t\t\t\t<div class=\"e-con-inner\">\n\t\t<div class=\"elementor-element elementor-element-363e8c9 e-con-full e-flex wpr-particle-no wpr-jarallax-no wpr-parallax-no wpr-sticky-section-no wpr-equal-height-no e-con e-child\" data-id=\"363e8c9\" data-element_type=\"container\" data-e-type=\"container\" data-settings=\"{&quot;background_background&quot;:&quot;classic&quot;}\">\n\t\t\t\t<div class=\"elementor-element elementor-element-1aac79c elementor-widget elementor-widget-heading\" data-id=\"1aac79c\" data-element_type=\"widget\" data-e-type=\"widget\" data-widget_type=\"heading.default\">\n\t\t\t\t<div class=\"elementor-widget-container\">\n\t\t\t\t\t<h2 class=\"elementor-heading-title elementor-size-default\">Connexion<\/h2>\t\t\t\t<\/div>\n\t\t\t\t<\/div>\n\t\t\t\t<div class=\"elementor-element elementor-element-ce8ec7c elementor-widget elementor-widget-shortcode\" data-id=\"ce8ec7c\" data-element_type=\"widget\" data-e-type=\"widget\" data-widget_type=\"shortcode.default\">\n\t\t\t\t<div class=\"elementor-widget-container\">\n\t\t\t\t\t\t\t<div class=\"elementor-shortcode\">    <div class=\"custom-login-form woocommerce\">\n        \n        <form class=\"woocommerce-form-login\" method=\"post\" action=\"\">\n            <input type=\"hidden\" id=\"woocommerce-login-nonce\" name=\"woocommerce-login-nonce\" value=\"7f66d763c5\" \/><input type=\"hidden\" name=\"_wp_http_referer\" value=\"\/en\/wp-json\/wp\/v2\/pages\/1251\" \/>\n            <p class=\"form-row form-row-wide\">\n                <label for=\"username\">Adresse email&nbsp;<span class=\"required\">*<\/span><\/label>\n                <input type=\"email\" class=\"input-text\" name=\"username\" id=\"username\" autocomplete=\"email\" required \/>\n            <\/p>\n\n            <p class=\"form-row form-row-wide\">\n                <label for=\"password\">Mot de passe&nbsp;<span class=\"required\">*<\/span><\/label>\n                <input type=\"password\" class=\"input-text\" name=\"password\" id=\"password\" autocomplete=\"current-password\" required \/>\n            <\/p>\n\n            <p class=\"form-row\">\n                <button type=\"submit\" class=\"button\" name=\"login\" value=\"1\">Se connecter<\/button>\n                <label class=\"inline\">\n                    <input name=\"rememberme\" type=\"checkbox\" value=\"forever\" \/> Se souvenir de moi\n                <\/label>\n            <\/p>\n\n            <p class=\"woocommerce-LostPassword lost_password\">\n                <a href=\"https:\/\/www.cryocontrol.fr\/en\/mon-compte\/lost-password\/\">Mot de passe oubli\u00e9 ?<\/a>\n            <\/p>\n\n            <input type=\"hidden\" name=\"redirect_to\" value=\"https:\/\/www.cryocontrol.fr\/valider-la-commande\" \/>\n        <input type=\"hidden\" name=\"trp-form-language\" value=\"en\"\/><\/form>\n    <\/div>\n    <\/div>\n\t\t\t\t\t\t<\/div>\n\t\t\t\t<\/div>\n\t\t\t\t<\/div>\n\t\t<div class=\"elementor-element elementor-element-f14c7a4 e-con-full e-flex wpr-particle-no wpr-jarallax-no wpr-parallax-no wpr-sticky-section-no wpr-equal-height-no e-con e-child\" data-id=\"f14c7a4\" data-element_type=\"container\" data-e-type=\"container\" data-settings=\"{&quot;background_background&quot;:&quot;classic&quot;}\">\n\t\t\t\t<div class=\"elementor-element elementor-element-917a335 elementor-widget elementor-widget-heading\" data-id=\"917a335\" data-element_type=\"widget\" data-e-type=\"widget\" data-widget_type=\"heading.default\">\n\t\t\t\t<div class=\"elementor-widget-container\">\n\t\t\t\t\t<h2 class=\"elementor-heading-title elementor-size-default\">Inscription <\/h2>\t\t\t\t<\/div>\n\t\t\t\t<\/div>\n\t\t\t\t<div class=\"elementor-element elementor-element-6e388a1 elementor-widget elementor-widget-shortcode\" data-id=\"6e388a1\" data-element_type=\"widget\" data-e-type=\"widget\" data-widget_type=\"shortcode.default\">\n\t\t\t\t<div class=\"elementor-widget-container\">\n\t\t\t\t\t\t\t<div class=\"elementor-shortcode\">    <div class=\"custom-register-form woocommerce\">\n        \n        <form class=\"woocommerce-form-register\" method=\"post\" action=\"\">\n            <input type=\"hidden\" id=\"woocommerce-register-nonce\" name=\"woocommerce-register-nonce\" value=\"2f240d27a7\" \/><input type=\"hidden\" name=\"_wp_http_referer\" value=\"\/en\/wp-json\/wp\/v2\/pages\/1251\" \/>\n            <p class=\"form-row form-row-wide\">\n                <label for=\"reg_email\">Adresse email&nbsp;<span class=\"required\">*<\/span><\/label>\n                <input type=\"email\" class=\"input-text\" name=\"email\" id=\"reg_email\" autocomplete=\"email\" required \/>\n            <\/p>\n\n                            <p class=\"form-row form-row-wide\">\n                    <label for=\"reg_password\">Mot de passe&nbsp;<span class=\"required\">*<\/span><\/label>\n                    <input type=\"password\" class=\"input-text\" name=\"password\" id=\"reg_password\" required \/>\n                <\/p>\n            \n            <p class=\"form-row\">\n                <button type=\"submit\" class=\"button\" name=\"register\" value=\"1\">S'inscrire<\/button>\n            <\/p>\n\n            <input type=\"hidden\" name=\"redirect_to\" value=\"https:\/\/www.cryocontrol.fr\/valider-la-commande\" \/>\n        <input type=\"hidden\" name=\"trp-form-language\" value=\"en\"\/><\/form>\n    <\/div>\n    <\/div>\n\t\t\t\t\t\t<\/div>\n\t\t\t\t<\/div>\n\t\t\t\t<\/div>\n\t\t\t\t\t<\/div>\n\t\t\t\t<\/div>\n\t\t\t\t<\/div>","protected":false},"excerpt":{"rendered":"<p>Connexion Inscription<\/p>","protected":false},"author":1,"featured_media":0,"parent":0,"menu_order":0,"comment_status":"closed","ping_status":"closed","template":"elementor_header_footer","meta":{"_angie_page":false,"footnotes":""},"class_list":["post-1251","page","type-page","status-publish","hentry"],"yoast_head":"<!-- This site is optimized with the Yoast SEO Premium plugin v27.5 (Yoast SEO v27.5) - https:\/\/yoast.com\/product\/yoast-seo-premium-wordpress\/ -->\n<title>L&#039;Expert Fran\u00e7ais du bain froid &amp; R\u00e9cup\u00e9ration Sportive- Cryo control<\/title>\n<meta name=\"description\" content=\"Repoussez vos limites avec Cryo Control. Expertise fran\u00e7aise en bains froids haute qualit\u00e9. Am\u00e9liorez votre r\u00e9cup\u00e9ration physique et boostez vos r\u00e9sultats d\u00e8s maintenant.\" \/>\n<meta name=\"robots\" content=\"noindex, follow\" \/>\n<meta property=\"og:locale\" content=\"en_US\" \/>\n<meta property=\"og:type\" content=\"article\" \/>\n<meta property=\"og:title\" content=\"Vous avez un compte ?\" \/>\n<meta property=\"og:description\" content=\"Repoussez vos limites avec CryoControl. Expertise fran\u00e7aise en bains froids haute qualit\u00e9. Am\u00e9liorez votre r\u00e9cup\u00e9ration physique et boostez vos r\u00e9sultats d\u00e8s maintenant.\" \/>\n<meta property=\"og:url\" content=\"https:\/\/www.cryocontrol.fr\/en\/vous-avez-un-compte\/\" \/>\n<meta property=\"og:site_name\" content=\"Cryo control\" \/>\n<meta property=\"article:publisher\" content=\"https:\/\/www.facebook.com\/CRYOCONTROL\/\" \/>\n<meta property=\"article:modified_time\" content=\"2026-04-29T12:05:51+00:00\" \/>\n<meta property=\"og:image\" content=\"https:\/\/www.cryocontrol.fr\/wp-content\/uploads\/2026\/03\/5.png\" \/>\n\t<meta property=\"og:image:width\" content=\"1200\" \/>\n\t<meta property=\"og:image:height\" content=\"675\" \/>\n\t<meta property=\"og:image:type\" content=\"image\/png\" \/>\n<meta name=\"twitter:card\" content=\"summary_large_image\" \/>\n<meta name=\"twitter:site\" content=\"@CryoControl\" \/>\n<meta name=\"twitter:label1\" content=\"Est. reading time\" \/>\n\t<meta name=\"twitter:data1\" content=\"1 minute\" \/>\n<script type=\"application\/ld+json\" class=\"yoast-schema-graph\">{\"@context\":\"https:\\\/\\\/schema.org\",\"@graph\":[{\"@type\":\"WebPage\",\"@id\":\"https:\\\/\\\/www.cryocontrol.fr\\\/vous-avez-un-compte\\\/\",\"url\":\"https:\\\/\\\/www.cryocontrol.fr\\\/vous-avez-un-compte\\\/\",\"name\":\"L'Expert Fran\u00e7ais du bain froid & R\u00e9cup\u00e9ration Sportive- Cryo control\",\"isPartOf\":{\"@id\":\"https:\\\/\\\/www.cryocontrol.fr\\\/#website\"},\"datePublished\":\"2025-05-04T13:58:11+00:00\",\"dateModified\":\"2026-04-29T12:05:51+00:00\",\"description\":\"Repoussez vos limites avec Cryo Control. Expertise fran\u00e7aise en bains froids haute qualit\u00e9. Am\u00e9liorez votre r\u00e9cup\u00e9ration physique et boostez vos r\u00e9sultats d\u00e8s maintenant.\",\"breadcrumb\":{\"@id\":\"https:\\\/\\\/www.cryocontrol.fr\\\/vous-avez-un-compte\\\/#breadcrumb\"},\"inLanguage\":\"en-US\",\"potentialAction\":[{\"@type\":\"ReadAction\",\"target\":[\"https:\\\/\\\/www.cryocontrol.fr\\\/vous-avez-un-compte\\\/\"]}]},{\"@type\":\"BreadcrumbList\",\"@id\":\"https:\\\/\\\/www.cryocontrol.fr\\\/vous-avez-un-compte\\\/#breadcrumb\",\"itemListElement\":[{\"@type\":\"ListItem\",\"position\":1,\"name\":\"Accueil\",\"item\":\"https:\\\/\\\/www.cryocontrol.fr\\\/\"},{\"@type\":\"ListItem\",\"position\":2,\"name\":\"Vous avez un compte ?\"}]},{\"@type\":\"WebSite\",\"@id\":\"https:\\\/\\\/www.cryocontrol.fr\\\/#website\",\"url\":\"https:\\\/\\\/www.cryocontrol.fr\\\/\",\"name\":\"Cryo Control\",\"description\":\"L&#039;inventeur du bain froid moderne 2004\",\"publisher\":{\"@id\":\"https:\\\/\\\/www.cryocontrol.fr\\\/#organization\"},\"alternateName\":\"Cold plunge Cryo Control\",\"potentialAction\":[{\"@type\":\"SearchAction\",\"target\":{\"@type\":\"EntryPoint\",\"urlTemplate\":\"https:\\\/\\\/www.cryocontrol.fr\\\/?s={search_term_string}\"},\"query-input\":{\"@type\":\"PropertyValueSpecification\",\"valueRequired\":true,\"valueName\":\"search_term_string\"}}],\"inLanguage\":\"en-US\"},{\"@type\":\"Organization\",\"@id\":\"https:\\\/\\\/www.cryocontrol.fr\\\/#organization\",\"name\":\"Cryo Control\",\"alternateName\":\"Cold plunge Cryo Control\",\"url\":\"https:\\\/\\\/www.cryocontrol.fr\\\/\",\"logo\":{\"@type\":\"ImageObject\",\"inLanguage\":\"en-US\",\"@id\":\"https:\\\/\\\/www.cryocontrol.fr\\\/#\\\/schema\\\/logo\\\/image\\\/\",\"url\":\"https:\\\/\\\/www.cryocontrol.fr\\\/wp-content\\\/uploads\\\/2023\\\/07\\\/cropped-Logo-Cryo-Control-noir.png\",\"contentUrl\":\"https:\\\/\\\/www.cryocontrol.fr\\\/wp-content\\\/uploads\\\/2023\\\/07\\\/cropped-Logo-Cryo-Control-noir.png\",\"width\":512,\"height\":512,\"caption\":\"Cryo Control\"},\"image\":{\"@id\":\"https:\\\/\\\/www.cryocontrol.fr\\\/#\\\/schema\\\/logo\\\/image\\\/\"},\"sameAs\":[\"https:\\\/\\\/www.facebook.com\\\/CRYOCONTROL\\\/\",\"https:\\\/\\\/x.com\\\/CryoControl\",\"https:\\\/\\\/www.instagram.com\\\/cryocontrol\\\/?hl=fr\",\"https:\\\/\\\/www.youtube.com\\\/user\\\/dropmed\"],\"description\":\"CryoControl : L'Excellence Fran\u00e7aise de la Cryoth\u00e9rapie Fond\u00e9e sur l'expertise technologique et la passion de la performance, CryoControl est le sp\u00e9cialiste fran\u00e7ais de la conception et de la fabrication de solutions de cryoth\u00e9rapie et de bains froids.\",\"email\":\"contact@cryocontrol.fr\",\"foundingDate\":\"2004-08-16\",\"vatID\":\"FR27478285471\",\"numberOfEmployees\":{\"@type\":\"QuantitativeValue\",\"minValue\":\"1\",\"maxValue\":\"10\"}}]}<\/script>\n<!-- \/ Yoast SEO Premium plugin. -->","yoast_head_json":{"title":"L'Expert Fran\u00e7ais du bain froid & R\u00e9cup\u00e9ration Sportive- Cryo control","description":"Repoussez vos limites avec Cryo Control. Expertise fran\u00e7aise en bains froids haute qualit\u00e9. Am\u00e9liorez votre r\u00e9cup\u00e9ration physique et boostez vos r\u00e9sultats d\u00e8s maintenant.","robots":{"index":"noindex","follow":"follow"},"og_locale":"en_US","og_type":"article","og_title":"Vous avez un compte ?","og_description":"Repoussez vos limites avec CryoControl. Expertise fran\u00e7aise en bains froids haute qualit\u00e9. Am\u00e9liorez votre r\u00e9cup\u00e9ration physique et boostez vos r\u00e9sultats d\u00e8s maintenant.","og_url":"https:\/\/www.cryocontrol.fr\/en\/vous-avez-un-compte\/","og_site_name":"Cryo control","article_publisher":"https:\/\/www.facebook.com\/CRYOCONTROL\/","article_modified_time":"2026-04-29T12:05:51+00:00","og_image":[{"width":1200,"height":675,"url":"https:\/\/www.cryocontrol.fr\/wp-content\/uploads\/2026\/03\/5.png","type":"image\/png"}],"twitter_card":"summary_large_image","twitter_site":"@CryoControl","twitter_misc":{"Est. reading time":"1 minute"},"schema":{"@context":"https:\/\/schema.org","@graph":[{"@type":"WebPage","@id":"https:\/\/www.cryocontrol.fr\/vous-avez-un-compte\/","url":"https:\/\/www.cryocontrol.fr\/vous-avez-un-compte\/","name":"L'Expert Fran\u00e7ais du bain froid & R\u00e9cup\u00e9ration Sportive- Cryo control","isPartOf":{"@id":"https:\/\/www.cryocontrol.fr\/#website"},"datePublished":"2025-05-04T13:58:11+00:00","dateModified":"2026-04-29T12:05:51+00:00","description":"Repoussez vos limites avec Cryo Control. Expertise fran\u00e7aise en bains froids haute qualit\u00e9. Am\u00e9liorez votre r\u00e9cup\u00e9ration physique et boostez vos r\u00e9sultats d\u00e8s maintenant.","breadcrumb":{"@id":"https:\/\/www.cryocontrol.fr\/vous-avez-un-compte\/#breadcrumb"},"inLanguage":"en-US","potentialAction":[{"@type":"ReadAction","target":["https:\/\/www.cryocontrol.fr\/vous-avez-un-compte\/"]}]},{"@type":"BreadcrumbList","@id":"https:\/\/www.cryocontrol.fr\/vous-avez-un-compte\/#breadcrumb","itemListElement":[{"@type":"ListItem","position":1,"name":"Accueil","item":"https:\/\/www.cryocontrol.fr\/"},{"@type":"ListItem","position":2,"name":"Vous avez un compte ?"}]},{"@type":"WebSite","@id":"https:\/\/www.cryocontrol.fr\/#website","url":"https:\/\/www.cryocontrol.fr\/","name":"Cryo Control","description":"L&#039;inventeur du bain froid moderne 2004","publisher":{"@id":"https:\/\/www.cryocontrol.fr\/#organization"},"alternateName":"Cold plunge Cryo Control","potentialAction":[{"@type":"SearchAction","target":{"@type":"EntryPoint","urlTemplate":"https:\/\/www.cryocontrol.fr\/?s={search_term_string}"},"query-input":{"@type":"PropertyValueSpecification","valueRequired":true,"valueName":"search_term_string"}}],"inLanguage":"en-US"},{"@type":"Organization","@id":"https:\/\/www.cryocontrol.fr\/#organization","name":"Cryo Control","alternateName":"Cold plunge Cryo Control","url":"https:\/\/www.cryocontrol.fr\/","logo":{"@type":"ImageObject","inLanguage":"en-US","@id":"https:\/\/www.cryocontrol.fr\/#\/schema\/logo\/image\/","url":"https:\/\/www.cryocontrol.fr\/wp-content\/uploads\/2023\/07\/cropped-Logo-Cryo-Control-noir.png","contentUrl":"https:\/\/www.cryocontrol.fr\/wp-content\/uploads\/2023\/07\/cropped-Logo-Cryo-Control-noir.png","width":512,"height":512,"caption":"Cryo Control"},"image":{"@id":"https:\/\/www.cryocontrol.fr\/#\/schema\/logo\/image\/"},"sameAs":["https:\/\/www.facebook.com\/CRYOCONTROL\/","https:\/\/x.com\/CryoControl","https:\/\/www.instagram.com\/cryocontrol\/?hl=fr","https:\/\/www.youtube.com\/user\/dropmed"],"description":"CryoControl : L'Excellence Fran\u00e7aise de la Cryoth\u00e9rapie Fond\u00e9e sur l'expertise technologique et la passion de la performance, CryoControl est le sp\u00e9cialiste fran\u00e7ais de la conception et de la fabrication de solutions de cryoth\u00e9rapie et de bains froids.","email":"contact@cryocontrol.fr","foundingDate":"2004-08-16","vatID":"FR27478285471","numberOfEmployees":{"@type":"QuantitativeValue","minValue":"1","maxValue":"10"}}]}},"_links":{"self":[{"href":"https:\/\/www.cryocontrol.fr\/en\/wp-json\/wp\/v2\/pages\/1251","targetHints":{"allow":["GET"]}}],"collection":[{"href":"https:\/\/www.cryocontrol.fr\/en\/wp-json\/wp\/v2\/pages"}],"about":[{"href":"https:\/\/www.cryocontrol.fr\/en\/wp-json\/wp\/v2\/types\/page"}],"author":[{"embeddable":true,"href":"https:\/\/www.cryocontrol.fr\/en\/wp-json\/wp\/v2\/users\/1"}],"replies":[{"embeddable":true,"href":"https:\/\/www.cryocontrol.fr\/en\/wp-json\/wp\/v2\/comments?post=1251"}],"version-history":[{"count":1,"href":"https:\/\/www.cryocontrol.fr\/en\/wp-json\/wp\/v2\/pages\/1251\/revisions"}],"predecessor-version":[{"id":13659,"href":"https:\/\/www.cryocontrol.fr\/en\/wp-json\/wp\/v2\/pages\/1251\/revisions\/13659"}],"wp:attachment":[{"href":"https:\/\/www.cryocontrol.fr\/en\/wp-json\/wp\/v2\/media?parent=1251"}],"curies":[{"name":"wp","href":"https:\/\/api.w.org\/{rel}","templated":true}]}}