{"id":7844,"date":"2026-01-06T15:16:05","date_gmt":"2026-01-06T15:16:05","guid":{"rendered":"https:\/\/cryocontrol.codecircle-prod.fr\/?page_id=7844"},"modified":"2026-05-04T13:59:43","modified_gmt":"2026-05-04T13:59:43","slug":"mentions-legales","status":"publish","type":"page","link":"https:\/\/www.cryocontrol.fr\/en\/mentions-legales\/","title":{"rendered":"Terms of use"},"content":{"rendered":"<div data-elementor-type=\"wp-page\" data-elementor-id=\"7844\" class=\"elementor elementor-7844\">\n\t\t\t\t<div class=\"elementor-element elementor-element-6473bee gradientcryo e-flex e-con-boxed wpr-particle-no wpr-jarallax-no wpr-parallax-no wpr-sticky-section-no wpr-column-slider-no wpr-equal-height-no e-con e-parent\" data-id=\"6473bee\" data-element_type=\"container\" data-e-type=\"container\" data-settings=\"{&quot;background_background&quot;:&quot;classic&quot;}\">\n\t\t\t\t\t<div class=\"e-con-inner\">\n\t\t\t\t<div class=\"elementor-element elementor-element-ee63254 elementor-widget elementor-widget-heading\" data-id=\"ee63254\" data-element_type=\"widget\" data-e-type=\"widget\" data-widget_type=\"heading.default\">\n\t\t\t\t<div class=\"elementor-widget-container\">\n\t\t\t\t\t<div class=\"elementor-heading-title elementor-size-default\">CRYO CONTROL<\/div>\t\t\t\t<\/div>\n\t\t\t\t<\/div>\n\t\t\t\t<div class=\"elementor-element elementor-element-34fef37 elementor-widget elementor-widget-heading\" data-id=\"34fef37\" data-element_type=\"widget\" data-e-type=\"widget\" data-widget_type=\"heading.default\">\n\t\t\t\t<div class=\"elementor-widget-container\">\n\t\t\t\t\t<h1 class=\"elementor-heading-title elementor-size-default\">\n <span style=\"font-weight:600\">Terms of use<\/span> <\/h1>\t\t\t\t<\/div>\n\t\t\t\t<\/div>\n\t\t\t\t\t<\/div>\n\t\t\t\t<\/div>\n\t\t<div class=\"elementor-element elementor-element-73513c7 e-flex e-con-boxed wpr-particle-no wpr-jarallax-no wpr-parallax-no wpr-sticky-section-no wpr-column-slider-no wpr-equal-height-no e-con e-parent\" data-id=\"73513c7\" data-element_type=\"container\" data-e-type=\"container\">\n\t\t\t\t\t<div class=\"e-con-inner\">\n\t\t\t\t<div class=\"elementor-element elementor-element-f0e7167 elementor-widget elementor-widget-text-editor\" data-id=\"f0e7167\" data-element_type=\"widget\" data-e-type=\"widget\" data-widget_type=\"text-editor.default\">\n\t\t\t\t<div class=\"elementor-widget-container\">\n\t\t\t\t\t\t\t\t\t<h2 data-path-to-node=\"3\">MENTIONS L\u00c9GALES<\/h2><h3 data-path-to-node=\"4\"><b data-path-to-node=\"4\" data-index-in-node=\"0\">1. \u00c9diteur du site<\/b><\/h3><p data-path-to-node=\"5\">Le site internet <code data-path-to-node=\"5\" data-index-in-node=\"17\">https:\/\/www.cryocontrol.fr\/<\/code> est \u00e9dit\u00e9 par la soci\u00e9t\u00e9 <b data-path-to-node=\"5\" data-index-in-node=\"70\">Cryo Control<\/b>, SARL au capital de 8 750 \u20ac.<\/p><ul data-path-to-node=\"6\"><li><p data-path-to-node=\"6,0,0\"><b data-path-to-node=\"6,0,0\" data-index-in-node=\"0\">Si\u00e8ge social :<\/b> 14 rue de l\u2019industrie, 31320 Castanet Tolosan, France.<\/p><\/li><li><p data-path-to-node=\"6,1,0\"><b data-path-to-node=\"6,1,0\" data-index-in-node=\"0\">SIRET :<\/b> 478 285 471 00056<\/p><\/li><li><p data-path-to-node=\"6,2,0\"><b data-path-to-node=\"6,2,0\" data-index-in-node=\"0\">RCS :<\/b> Toulouse B 478 285 471<\/p><\/li><li><p data-path-to-node=\"6,3,0\"><b data-path-to-node=\"6,3,0\" data-index-in-node=\"0\">TVA Intracommunautaire :<\/b> FR 27 478 285 471<\/p><\/li><li><p data-path-to-node=\"6,4,0\"><b data-path-to-node=\"6,4,0\" data-index-in-node=\"0\">Contact :<\/b> 0811 38 6050 \/ contact@cryocontrol.fr<\/p><\/li><li><p data-path-to-node=\"6,5,0\"><b data-path-to-node=\"6,5,0\" data-index-in-node=\"0\">Directeur de la publication :<\/b> M. Bertrand AVIGNON<\/p><\/li><\/ul><h3 data-path-to-node=\"7\"><b data-path-to-node=\"7\" data-index-in-node=\"0\">2. H\u00e9bergement<\/b><\/h3><p data-path-to-node=\"8\">Le site est h\u00e9berg\u00e9 par la soci\u00e9t\u00e9 <b data-path-to-node=\"8\" data-index-in-node=\"35\">OVH SAS<\/b>, filiale de la soci\u00e9t\u00e9 OVH Groupe SA.<\/p><ul data-path-to-node=\"9\"><li><p data-path-to-node=\"9,0,0\"><b data-path-to-node=\"9,0,0\" data-index-in-node=\"0\">Forme juridique :<\/b> SAS au capital de 50 000 000 \u20ac<\/p><\/li><li><p data-path-to-node=\"9,1,0\"><b data-path-to-node=\"9,1,0\" data-index-in-node=\"0\">RCS :<\/b> Lille M\u00e9tropole 424 761 419 00045<\/p><\/li><li><p data-path-to-node=\"9,2,0\"><b data-path-to-node=\"9,2,0\" data-index-in-node=\"0\">Si\u00e8ge social :<\/b> 2 rue Kellermann &#8211; 59100 Roubaix &#8211; France<\/p><\/li><li><p data-path-to-node=\"9,3,0\"><b data-path-to-node=\"9,3,0\" data-index-in-node=\"0\">T\u00e9l\u00e9phone :<\/b> 1007<\/p><\/li><\/ul><h3 data-path-to-node=\"10\"><b data-path-to-node=\"10\" data-index-in-node=\"0\">3. Propri\u00e9t\u00e9 intellectuelle<\/b><\/h3><p data-path-to-node=\"11\">L&rsquo;ensemble du contenu de ce site (textes, images, graphismes, logo, ic\u00f4nes, sons, logiciels) est la propri\u00e9t\u00e9 exclusive de <b data-path-to-node=\"11\" data-index-in-node=\"123\">Cryo Control<\/b> ou de ses partenaires. Toute reproduction, repr\u00e9sentation, modification, publication, adaptation de tout ou partie des \u00e9l\u00e9ments du site, quel que soit le moyen ou le proc\u00e9d\u00e9 utilis\u00e9, est interdite, sauf autorisation \u00e9crite pr\u00e9alable de Cryo Control.<\/p><h3 data-path-to-node=\"12\"><b data-path-to-node=\"12\" data-index-in-node=\"0\">4. Gestion des donn\u00e9es personnelles<\/b><\/h3><p data-path-to-node=\"13\">Conform\u00e9ment au R\u00e8glement G\u00e9n\u00e9ral sur la Protection des Donn\u00e9es (RGPD), vous disposez d&rsquo;un droit d&rsquo;acc\u00e8s, de rectification et de suppression des donn\u00e9es vous concernant. Pour l&rsquo;exercer, vous pouvez nous contacter \u00e0 l&rsquo;adresse : <code data-path-to-node=\"13\" data-index-in-node=\"227\">contact@cryocontrol.fr<\/code>.<\/p>\t\t\t\t\t\t\t\t<\/div>\n\t\t\t\t<\/div>\n\t\t\t\t\t<\/div>\n\t\t\t\t<\/div>\n\t\t<div class=\"elementor-element elementor-element-71f68a8 e-flex e-con-boxed wpr-particle-no wpr-jarallax-no wpr-parallax-no wpr-sticky-section-no wpr-column-slider-no wpr-equal-height-no e-con e-parent\" data-id=\"71f68a8\" data-element_type=\"container\" data-e-type=\"container\">\n\t\t\t\t\t<div class=\"e-con-inner\">\n\t\t<div class=\"elementor-element elementor-element-a224463 e-con-full gradientcryo e-transform e-flex wpr-particle-no wpr-jarallax-no wpr-parallax-no wpr-sticky-section-no wpr-column-slider-no wpr-equal-height-no e-con e-child\" data-id=\"a224463\" data-element_type=\"container\" data-e-type=\"container\" data-settings=\"{&quot;background_background&quot;:&quot;classic&quot;,&quot;_transform_translateY_effect_hover&quot;:{&quot;unit&quot;:&quot;px&quot;,&quot;size&quot;:-5,&quot;sizes&quot;:[]},&quot;_transform_translateX_effect_hover&quot;:{&quot;unit&quot;:&quot;px&quot;,&quot;size&quot;:&quot;&quot;,&quot;sizes&quot;:[]},&quot;_transform_translateX_effect_hover_laptop&quot;:{&quot;unit&quot;:&quot;px&quot;,&quot;size&quot;:&quot;&quot;,&quot;sizes&quot;:[]},&quot;_transform_translateX_effect_hover_tablet&quot;:{&quot;unit&quot;:&quot;px&quot;,&quot;size&quot;:&quot;&quot;,&quot;sizes&quot;:[]},&quot;_transform_translateX_effect_hover_mobile&quot;:{&quot;unit&quot;:&quot;px&quot;,&quot;size&quot;:&quot;&quot;,&quot;sizes&quot;:[]},&quot;_transform_translateY_effect_hover_laptop&quot;:{&quot;unit&quot;:&quot;px&quot;,&quot;size&quot;:&quot;&quot;,&quot;sizes&quot;:[]},&quot;_transform_translateY_effect_hover_tablet&quot;:{&quot;unit&quot;:&quot;px&quot;,&quot;size&quot;:&quot;&quot;,&quot;sizes&quot;:[]},&quot;_transform_translateY_effect_hover_mobile&quot;:{&quot;unit&quot;:&quot;px&quot;,&quot;size&quot;:&quot;&quot;,&quot;sizes&quot;:[]}}\">\n\t\t\t\t<div class=\"elementor-element elementor-element-9a56e69 elementor-widget elementor-widget-heading\" data-id=\"9a56e69\" data-element_type=\"widget\" data-e-type=\"widget\" data-widget_type=\"heading.default\">\n\t\t\t\t<div class=\"elementor-widget-container\">\n\t\t\t\t\t<div class=\"elementor-heading-title elementor-size-default\">CRYO CONTROL<\/div>\t\t\t\t<\/div>\n\t\t\t\t<\/div>\n\t\t\t\t<div class=\"elementor-element elementor-element-ddada5c elementor-widget elementor-widget-heading\" data-id=\"ddada5c\" data-element_type=\"widget\" data-e-type=\"widget\" data-widget_type=\"heading.default\">\n\t\t\t\t<div class=\"elementor-widget-container\">\n\t\t\t\t\t<h2 class=\"elementor-heading-title elementor-size-default\">Ready to discover <span style=\"font-weight:600\"> cryotherapy  <\/span> ?\n<\/h2>\t\t\t\t<\/div>\n\t\t\t\t<\/div>\n\t\t\t\t<div class=\"elementor-element elementor-element-53ce2a2 elementor-widget elementor-widget-text-editor\" data-id=\"53ce2a2\" data-element_type=\"widget\" data-e-type=\"widget\" data-widget_type=\"text-editor.default\">\n\t\t\t\t<div class=\"elementor-widget-container\">\n\t\t\t\t\t\t\t\t\t<p>Contact our experts for a personalized consultation and find the right solution for your needs.<\/p>\t\t\t\t\t\t\t\t<\/div>\n\t\t\t\t<\/div>\n\t\t<div class=\"elementor-element elementor-element-7487aff e-con-full e-flex wpr-particle-no wpr-jarallax-no wpr-parallax-no wpr-sticky-section-no wpr-column-slider-no wpr-equal-height-no e-con e-child\" data-id=\"7487aff\" data-element_type=\"container\" data-e-type=\"container\">\n\t\t\t\t<div class=\"elementor-element elementor-element-a7a7570 e-transform elementor-widget elementor-widget-button\" data-id=\"a7a7570\" data-element_type=\"widget\" data-e-type=\"widget\" data-settings=\"{&quot;_transform_translateY_effect_hover&quot;:{&quot;unit&quot;:&quot;px&quot;,&quot;size&quot;:-5,&quot;sizes&quot;:[]},&quot;_transform_translateX_effect_hover&quot;:{&quot;unit&quot;:&quot;px&quot;,&quot;size&quot;:&quot;&quot;,&quot;sizes&quot;:[]},&quot;_transform_translateX_effect_hover_laptop&quot;:{&quot;unit&quot;:&quot;px&quot;,&quot;size&quot;:&quot;&quot;,&quot;sizes&quot;:[]},&quot;_transform_translateX_effect_hover_tablet&quot;:{&quot;unit&quot;:&quot;px&quot;,&quot;size&quot;:&quot;&quot;,&quot;sizes&quot;:[]},&quot;_transform_translateX_effect_hover_mobile&quot;:{&quot;unit&quot;:&quot;px&quot;,&quot;size&quot;:&quot;&quot;,&quot;sizes&quot;:[]},&quot;_transform_translateY_effect_hover_laptop&quot;:{&quot;unit&quot;:&quot;px&quot;,&quot;size&quot;:&quot;&quot;,&quot;sizes&quot;:[]},&quot;_transform_translateY_effect_hover_tablet&quot;:{&quot;unit&quot;:&quot;px&quot;,&quot;size&quot;:&quot;&quot;,&quot;sizes&quot;:[]},&quot;_transform_translateY_effect_hover_mobile&quot;:{&quot;unit&quot;:&quot;px&quot;,&quot;size&quot;:&quot;&quot;,&quot;sizes&quot;:[]}}\" data-widget_type=\"button.default\">\n\t\t\t\t<div class=\"elementor-widget-container\">\n\t\t\t\t\t\t\t\t\t<div class=\"elementor-button-wrapper\">\n\t\t\t\t\t<a class=\"elementor-button elementor-button-link elementor-size-sm\" href=\"https:\/\/www.cryocontrol.fr\/en\/contact\/\">\n\t\t\t\t\t\t<span class=\"elementor-button-content-wrapper\">\n\t\t\t\t\t\t<span class=\"elementor-button-icon\">\n\t\t\t\t<svg aria-hidden=\"true\" class=\"e-font-icon-svg e-far-arrow-alt-circle-right\" viewbox=\"0 0 512 512\" xmlns=\"http:\/\/www.w3.org\/2000\/svg\"><path d=\"M504 256C504 119 393 8 256 8S8 119 8 256s111 248 248 248 248-111 248-248zm-448 0c0-110.5 89.5-200 200-200s200 89.5 200 200-89.5 200-200 200S56 366.5 56 256zm72 20v-40c0-6.6 5.4-12 12-12h116v-67c0-10.7 12.9-16 20.5-8.5l99 99c4.7 4.7 4.7 12.3 0 17l-99 99c-7.6 7.6-20.5 2.2-20.5-8.5v-67H140c-6.6 0-12-5.4-12-12z\"><\/path><\/svg>\t\t\t<\/span>\n\t\t\t\t\t\t\t\t\t<span class=\"elementor-button-text\">Request a quote<\/span>\n\t\t\t\t\t<\/span>\n\t\t\t\t\t<\/a>\n\t\t\t\t<\/div>\n\t\t\t\t\t\t\t\t<\/div>\n\t\t\t\t<\/div>\n\t\t\t\t<\/div>\n\t\t\t\t<\/div>\n\t\t\t\t\t<\/div>\n\t\t\t\t<\/div>\n\t\t\t\t<\/div>","protected":false},"excerpt":{"rendered":"<p>CRYO CONTROL Mentions l\u00e9gales MENTIONS L\u00c9GALES 1. \u00c9diteur du site Le site internet https:\/\/www.cryocontrol.fr\/ est \u00e9dit\u00e9 par la soci\u00e9t\u00e9 Cryo Control, SARL au capital de 8 750 \u20ac. Si\u00e8ge social : 14 rue de l\u2019industrie, 31320 Castanet Tolosan, France. SIRET : 478 285 471 00056 RCS : Toulouse B 478 285 471 TVA Intracommunautaire : FR 27 478 285 471 Contact : 0811 38 6050 \/ contact@cryocontrol.fr Directeur de la publication : M. Bertrand AVIGNON 2. H\u00e9bergement Le site est h\u00e9berg\u00e9 par la soci\u00e9t\u00e9 OVH SAS, filiale de la soci\u00e9t\u00e9 OVH Groupe SA. Forme juridique : SAS au capital de 50 000 000 \u20ac RCS : Lille M\u00e9tropole 424 761 419 00045 Si\u00e8ge social : 2 rue Kellermann &#8211; 59100 Roubaix &#8211; France T\u00e9l\u00e9phone : 1007 3. Propri\u00e9t\u00e9 intellectuelle L&rsquo;ensemble du contenu de ce site (textes, images, graphismes, logo, ic\u00f4nes, sons, logiciels) est la propri\u00e9t\u00e9 exclusive de Cryo Control ou de ses partenaires. Toute reproduction, repr\u00e9sentation, modification, publication, adaptation de tout ou partie des \u00e9l\u00e9ments du site, quel que soit le moyen ou le proc\u00e9d\u00e9 utilis\u00e9, est interdite, sauf autorisation \u00e9crite pr\u00e9alable de Cryo Control. 4. Gestion des donn\u00e9es personnelles Conform\u00e9ment au R\u00e8glement G\u00e9n\u00e9ral sur la Protection des Donn\u00e9es (RGPD), vous disposez d&rsquo;un droit d&rsquo;acc\u00e8s, de rectification et de suppression des donn\u00e9es vous concernant. Pour l&rsquo;exercer, vous pouvez nous contacter \u00e0 l&rsquo;adresse : contact@cryocontrol.fr. CRYO CONTROL Pr\u00eat \u00e0 d\u00e9couvrir la cryoth\u00e9rapie ? Contactez nos experts pour une consultation personnalis\u00e9e et trouvez la solution adapt\u00e9e \u00e0 vos besoins Demander un devis<\/p>","protected":false},"author":1,"featured_media":0,"parent":0,"menu_order":0,"comment_status":"closed","ping_status":"closed","template":"elementor_header_footer","meta":{"footnotes":""},"class_list":["post-7844","page","type-page","status-publish","hentry"],"yoast_head":"<!-- This site is optimized with the Yoast SEO Premium plugin v27.6 (Yoast SEO v27.6) - https:\/\/yoast.com\/product\/yoast-seo-premium-wordpress\/ -->\n<title>Mentions l\u00e9gales - Cryo Control<\/title>\n<meta name=\"robots\" content=\"index, follow, max-snippet:-1, max-image-preview:large, max-video-preview:-1\" \/>\n<link rel=\"canonical\" href=\"https:\/\/www.cryocontrol.fr\/en\/mentions-legales\/\" \/>\n<meta property=\"og:locale\" content=\"en_US\" \/>\n<meta property=\"og:type\" content=\"article\" \/>\n<meta property=\"og:title\" content=\"Mentions l\u00e9gales\" \/>\n<meta property=\"og:description\" content=\"Repoussez vos limites avec CryoControl. Expertise fran\u00e7aise en bains froids haute qualit\u00e9. Am\u00e9liorez votre r\u00e9cup\u00e9ration physique et boostez vos r\u00e9sultats d\u00e8s maintenant.\" \/>\n<meta property=\"og:url\" content=\"https:\/\/www.cryocontrol.fr\/en\/mentions-legales\/\" \/>\n<meta property=\"og:site_name\" content=\"Cryo Control\" \/>\n<meta property=\"article:publisher\" content=\"https:\/\/www.facebook.com\/CRYOCONTROL\/\" \/>\n<meta property=\"article:modified_time\" content=\"2026-05-04T13:59:43+00:00\" \/>\n<meta property=\"og:image\" content=\"https:\/\/www.cryocontrol.fr\/wp-content\/uploads\/2026\/03\/5.png\" \/>\n\t<meta property=\"og:image:width\" content=\"1200\" \/>\n\t<meta property=\"og:image:height\" content=\"675\" \/>\n\t<meta property=\"og:image:type\" content=\"image\/png\" \/>\n<meta name=\"twitter:card\" content=\"summary_large_image\" \/>\n<meta name=\"twitter:site\" content=\"@CryoControl\" \/>\n<meta name=\"twitter:label1\" content=\"Est. reading time\" \/>\n\t<meta name=\"twitter:data1\" content=\"2 minutes\" \/>\n<script type=\"application\/ld+json\" class=\"yoast-schema-graph\">{\"@context\":\"https:\\\/\\\/schema.org\",\"@graph\":[{\"@type\":\"WebPage\",\"@id\":\"https:\\\/\\\/www.cryocontrol.fr\\\/mentions-legales\\\/\",\"url\":\"https:\\\/\\\/www.cryocontrol.fr\\\/mentions-legales\\\/\",\"name\":\"Mentions l\u00e9gales - Cryo Control\",\"isPartOf\":{\"@id\":\"https:\\\/\\\/www.cryocontrol.fr\\\/#website\"},\"datePublished\":\"2026-01-06T15:16:05+00:00\",\"dateModified\":\"2026-05-04T13:59:43+00:00\",\"breadcrumb\":{\"@id\":\"https:\\\/\\\/www.cryocontrol.fr\\\/mentions-legales\\\/#breadcrumb\"},\"inLanguage\":\"en-US\",\"potentialAction\":[{\"@type\":\"ReadAction\",\"target\":[\"https:\\\/\\\/www.cryocontrol.fr\\\/mentions-legales\\\/\"]}]},{\"@type\":\"BreadcrumbList\",\"@id\":\"https:\\\/\\\/www.cryocontrol.fr\\\/mentions-legales\\\/#breadcrumb\",\"itemListElement\":[{\"@type\":\"ListItem\",\"position\":1,\"name\":\"Accueil\",\"item\":\"https:\\\/\\\/www.cryocontrol.fr\\\/\"},{\"@type\":\"ListItem\",\"position\":2,\"name\":\"Mentions l\u00e9gales\"}]},{\"@type\":\"WebSite\",\"@id\":\"https:\\\/\\\/www.cryocontrol.fr\\\/#website\",\"url\":\"https:\\\/\\\/www.cryocontrol.fr\\\/\",\"name\":\"Cryo Control\",\"description\":\"L&#039;inventeur du bain froid moderne 2004\",\"publisher\":{\"@id\":\"https:\\\/\\\/www.cryocontrol.fr\\\/#organization\"},\"alternateName\":\"Cold plunge Cryo Control\",\"potentialAction\":[{\"@type\":\"SearchAction\",\"target\":{\"@type\":\"EntryPoint\",\"urlTemplate\":\"https:\\\/\\\/www.cryocontrol.fr\\\/?s={search_term_string}\"},\"query-input\":{\"@type\":\"PropertyValueSpecification\",\"valueRequired\":true,\"valueName\":\"search_term_string\"}}],\"inLanguage\":\"en-US\"},{\"@type\":\"Organization\",\"@id\":\"https:\\\/\\\/www.cryocontrol.fr\\\/#organization\",\"name\":\"Cryo Control\",\"alternateName\":\"Cold plunge Cryo Control\",\"url\":\"https:\\\/\\\/www.cryocontrol.fr\\\/\",\"logo\":{\"@type\":\"ImageObject\",\"inLanguage\":\"en-US\",\"@id\":\"https:\\\/\\\/www.cryocontrol.fr\\\/#\\\/schema\\\/logo\\\/image\\\/\",\"url\":\"https:\\\/\\\/www.cryocontrol.fr\\\/wp-content\\\/uploads\\\/2023\\\/07\\\/cropped-Logo-Cryo-Control-noir.png\",\"contentUrl\":\"https:\\\/\\\/www.cryocontrol.fr\\\/wp-content\\\/uploads\\\/2023\\\/07\\\/cropped-Logo-Cryo-Control-noir.png\",\"width\":512,\"height\":512,\"caption\":\"Cryo Control\"},\"image\":{\"@id\":\"https:\\\/\\\/www.cryocontrol.fr\\\/#\\\/schema\\\/logo\\\/image\\\/\"},\"sameAs\":[\"https:\\\/\\\/www.facebook.com\\\/CRYOCONTROL\\\/\",\"https:\\\/\\\/x.com\\\/CryoControl\",\"https:\\\/\\\/www.instagram.com\\\/cryocontrol\\\/?hl=fr\",\"https:\\\/\\\/www.youtube.com\\\/user\\\/dropmed\"],\"description\":\"CryoControl : L'Excellence Fran\u00e7aise de la Cryoth\u00e9rapie Fond\u00e9e sur l'expertise technologique et la passion de la performance, CryoControl est le sp\u00e9cialiste fran\u00e7ais de la conception et de la fabrication de solutions de cryoth\u00e9rapie et de bains froids.\",\"email\":\"contact@cryocontrol.fr\",\"telephone\":\"0811 386 050\",\"legalName\":\"Cryo Control SARL\",\"foundingDate\":\"2004-08-16\",\"vatID\":\"FR27478285471\",\"numberOfEmployees\":{\"@type\":\"QuantitativeValue\",\"minValue\":\"1\",\"maxValue\":\"10\"}}]}<\/script>\n<!-- \/ Yoast SEO Premium plugin. -->","yoast_head_json":{"title":"Mentions l\u00e9gales - Cryo Control","robots":{"index":"index","follow":"follow","max-snippet":"max-snippet:-1","max-image-preview":"max-image-preview:large","max-video-preview":"max-video-preview:-1"},"canonical":"https:\/\/www.cryocontrol.fr\/en\/mentions-legales\/","og_locale":"en_US","og_type":"article","og_title":"Mentions l\u00e9gales","og_description":"Repoussez vos limites avec CryoControl. Expertise fran\u00e7aise en bains froids haute qualit\u00e9. Am\u00e9liorez votre r\u00e9cup\u00e9ration physique et boostez vos r\u00e9sultats d\u00e8s maintenant.","og_url":"https:\/\/www.cryocontrol.fr\/en\/mentions-legales\/","og_site_name":"Cryo Control","article_publisher":"https:\/\/www.facebook.com\/CRYOCONTROL\/","article_modified_time":"2026-05-04T13:59:43+00:00","og_image":[{"width":1200,"height":675,"url":"https:\/\/www.cryocontrol.fr\/wp-content\/uploads\/2026\/03\/5.png","type":"image\/png"}],"twitter_card":"summary_large_image","twitter_site":"@CryoControl","twitter_misc":{"Est. reading time":"2 minutes"},"schema":{"@context":"https:\/\/schema.org","@graph":[{"@type":"WebPage","@id":"https:\/\/www.cryocontrol.fr\/mentions-legales\/","url":"https:\/\/www.cryocontrol.fr\/mentions-legales\/","name":"Mentions l\u00e9gales - Cryo Control","isPartOf":{"@id":"https:\/\/www.cryocontrol.fr\/#website"},"datePublished":"2026-01-06T15:16:05+00:00","dateModified":"2026-05-04T13:59:43+00:00","breadcrumb":{"@id":"https:\/\/www.cryocontrol.fr\/mentions-legales\/#breadcrumb"},"inLanguage":"en-US","potentialAction":[{"@type":"ReadAction","target":["https:\/\/www.cryocontrol.fr\/mentions-legales\/"]}]},{"@type":"BreadcrumbList","@id":"https:\/\/www.cryocontrol.fr\/mentions-legales\/#breadcrumb","itemListElement":[{"@type":"ListItem","position":1,"name":"Accueil","item":"https:\/\/www.cryocontrol.fr\/"},{"@type":"ListItem","position":2,"name":"Mentions l\u00e9gales"}]},{"@type":"WebSite","@id":"https:\/\/www.cryocontrol.fr\/#website","url":"https:\/\/www.cryocontrol.fr\/","name":"Cryo Control","description":"L&#039;inventeur du bain froid moderne 2004","publisher":{"@id":"https:\/\/www.cryocontrol.fr\/#organization"},"alternateName":"Cold plunge Cryo Control","potentialAction":[{"@type":"SearchAction","target":{"@type":"EntryPoint","urlTemplate":"https:\/\/www.cryocontrol.fr\/?s={search_term_string}"},"query-input":{"@type":"PropertyValueSpecification","valueRequired":true,"valueName":"search_term_string"}}],"inLanguage":"en-US"},{"@type":"Organization","@id":"https:\/\/www.cryocontrol.fr\/#organization","name":"Cryo Control","alternateName":"Cold plunge Cryo Control","url":"https:\/\/www.cryocontrol.fr\/","logo":{"@type":"ImageObject","inLanguage":"en-US","@id":"https:\/\/www.cryocontrol.fr\/#\/schema\/logo\/image\/","url":"https:\/\/www.cryocontrol.fr\/wp-content\/uploads\/2023\/07\/cropped-Logo-Cryo-Control-noir.png","contentUrl":"https:\/\/www.cryocontrol.fr\/wp-content\/uploads\/2023\/07\/cropped-Logo-Cryo-Control-noir.png","width":512,"height":512,"caption":"Cryo Control"},"image":{"@id":"https:\/\/www.cryocontrol.fr\/#\/schema\/logo\/image\/"},"sameAs":["https:\/\/www.facebook.com\/CRYOCONTROL\/","https:\/\/x.com\/CryoControl","https:\/\/www.instagram.com\/cryocontrol\/?hl=fr","https:\/\/www.youtube.com\/user\/dropmed"],"description":"CryoControl : L'Excellence Fran\u00e7aise de la Cryoth\u00e9rapie Fond\u00e9e sur l'expertise technologique et la passion de la performance, CryoControl est le sp\u00e9cialiste fran\u00e7ais de la conception et de la fabrication de solutions de cryoth\u00e9rapie et de bains froids.","email":"contact@cryocontrol.fr","telephone":"0811 386 050","legalName":"Cryo Control SARL","foundingDate":"2004-08-16","vatID":"FR27478285471","numberOfEmployees":{"@type":"QuantitativeValue","minValue":"1","maxValue":"10"}}]}},"_links":{"self":[{"href":"https:\/\/www.cryocontrol.fr\/en\/wp-json\/wp\/v2\/pages\/7844","targetHints":{"allow":["GET"]}}],"collection":[{"href":"https:\/\/www.cryocontrol.fr\/en\/wp-json\/wp\/v2\/pages"}],"about":[{"href":"https:\/\/www.cryocontrol.fr\/en\/wp-json\/wp\/v2\/types\/page"}],"author":[{"embeddable":true,"href":"https:\/\/www.cryocontrol.fr\/en\/wp-json\/wp\/v2\/users\/1"}],"replies":[{"embeddable":true,"href":"https:\/\/www.cryocontrol.fr\/en\/wp-json\/wp\/v2\/comments?post=7844"}],"version-history":[{"count":0,"href":"https:\/\/www.cryocontrol.fr\/en\/wp-json\/wp\/v2\/pages\/7844\/revisions"}],"wp:attachment":[{"href":"https:\/\/www.cryocontrol.fr\/en\/wp-json\/wp\/v2\/media?parent=7844"}],"curies":[{"name":"wp","href":"https:\/\/api.w.org\/{rel}","templated":true}]}}